{"id":9761,"date":"2025-03-14T13:23:42","date_gmt":"2025-03-14T12:23:42","guid":{"rendered":"https:\/\/stenverktyg.se\/?post_type=product&#038;p=9761"},"modified":"2026-05-04T12:21:54","modified_gmt":"2026-05-04T10:21:54","slug":"skriftfarg-konig-125-ml","status":"publish","type":"product","link":"https:\/\/stenverktyg.se\/en\/produkt\/skriftfarg-konig-125-ml\/","title":{"rendered":"Skriftf\u00e4rg K\u00f6nig 125 ml"},"content":{"rendered":"","protected":false},"excerpt":{"rendered":"","protected":false},"featured_media":9770,"template":"","meta":[],"product_brand":[],"product_cat":[750,752,753,176,727,337,197,308],"product_tag":[],"class_list":{"0":"post-9761","1":"product","2":"type-product","3":"status-publish","4":"has-post-thumbnail","6":"product_cat-stenhuggare","7":"product_cat-entreprenad","8":"product_cat-stenindustri","9":"product_cat-gravvardar","10":"product_cat-skriftfarg","11":"product_cat-div-gravvardar","12":"product_cat-penslar","13":"product_cat-stenhuggare-skulptor","15":"first","16":"instock","17":"taxable","18":"shipping-taxable","19":"purchasable","20":"product-type-variable"},"shsp-ext":{"main":{},"variations":[]},"yoast_head":"<!-- This site is optimized with the Yoast SEO plugin v26.3 - https:\/\/yoast.com\/wordpress\/plugins\/seo\/ -->\n<title>Skriftf\u00e4rg K\u00f6nig 125 ml - Kvalitetsverktyg ifr\u00e5n Stenverktyg i Bohusl\u00e4n<\/title>\n<meta name=\"description\" content=\"Uppt\u00e4ck Skriftf\u00e4rg K\u00f6nig 125 ml \u2013 professionellt verktyg. Snabb leverans, personlig service och garanterad kvalitet. Best\u00e4ll hos Stenverktyg i Bohusl\u00e4n!\" \/>\n<meta name=\"robots\" content=\"index, follow, max-snippet:-1, max-image-preview:large, max-video-preview:-1\" \/>\n<link rel=\"canonical\" href=\"https:\/\/stenverktyg.se\/produkt\/skriftfarg-konig-125-ml\/\" \/>\n<meta property=\"og:locale\" content=\"en_US\" \/>\n<meta property=\"og:type\" content=\"article\" \/>\n<meta property=\"og:title\" content=\"Skriftf\u00e4rg K\u00f6nig 125 ml \u2013 Proffsigt verktyg &amp; p\u00e5litlig service\" \/>\n<meta property=\"og:description\" content=\"Skriftf\u00e4rg K\u00f6nig 125 ml fr\u00e5n Stenverktyg i Bohusl\u00e4n \u2013 kvalitetsverktyg, snabba leveranser och expertr\u00e5dgivning. Handla tryggt hos oss!\" \/>\n<meta property=\"og:url\" content=\"https:\/\/stenverktyg.se\/produkt\/skriftfarg-konig-125-ml\/\" \/>\n<meta property=\"og:site_name\" content=\"Stenverktyg i Bohusl\u00e4n\" \/>\n<meta property=\"article:modified_time\" content=\"2026-05-04T10:21:54+00:00\" \/>\n<meta property=\"og:image\" content=\"https:\/\/stenverktyg.se\/wp-content\/uploads\/2025\/09\/og-img1.jpg\" \/>\n<meta name=\"twitter:card\" content=\"summary_large_image\" \/>\n<meta name=\"twitter:title\" content=\"Skriftf\u00e4rg K\u00f6nig 125 ml \u2013 Proffsigt verktyg &amp; p\u00e5litlig service\" \/>\n<meta name=\"twitter:description\" content=\"Skriftf\u00e4rg K\u00f6nig 125 ml fr\u00e5n Stenverktyg i Bohusl\u00e4n \u2013 kvalitetsverktyg, snabba leveranser och expertr\u00e5dgivning. Handla tryggt hos oss!\" \/>\n<meta name=\"twitter:image\" content=\"https:\/\/stenverktyg.se\/wp-content\/uploads\/2025\/09\/og-img1.jpg\" \/>\n<meta name=\"twitter:label1\" content=\"Est. reading time\" \/>\n\t<meta name=\"twitter:data1\" content=\"1 minute\" \/>\n<script type=\"application\/ld+json\" class=\"yoast-schema-graph\">{\"@context\":\"https:\/\/schema.org\",\"@graph\":[{\"@type\":\"WebPage\",\"@id\":\"https:\/\/stenverktyg.se\/produkt\/skriftfarg-konig-125-ml\/\",\"url\":\"https:\/\/stenverktyg.se\/produkt\/skriftfarg-konig-125-ml\/\",\"name\":\"Skriftf\u00e4rg K\u00f6nig 125 ml - Kvalitetsverktyg ifr\u00e5n Stenverktyg i Bohusl\u00e4n\",\"isPartOf\":{\"@id\":\"https:\/\/stenverktyg.se\/#website\"},\"primaryImageOfPage\":{\"@id\":\"https:\/\/stenverktyg.se\/produkt\/skriftfarg-konig-125-ml\/#primaryimage\"},\"image\":{\"@id\":\"https:\/\/stenverktyg.se\/produkt\/skriftfarg-konig-125-ml\/#primaryimage\"},\"thumbnailUrl\":\"https:\/\/stenverktyg.se\/wp-content\/uploads\/2025\/03\/Ska\u0308rmavbild-2025-03-14-kl.-13.38.29.png\",\"datePublished\":\"2025-03-14T12:23:42+00:00\",\"dateModified\":\"2026-05-04T10:21:54+00:00\",\"description\":\"Uppt\u00e4ck Skriftf\u00e4rg K\u00f6nig 125 ml \u2013 professionellt verktyg. Snabb leverans, personlig service och garanterad kvalitet. Best\u00e4ll hos Stenverktyg i Bohusl\u00e4n!\",\"breadcrumb\":{\"@id\":\"https:\/\/stenverktyg.se\/produkt\/skriftfarg-konig-125-ml\/#breadcrumb\"},\"inLanguage\":\"en-US\",\"potentialAction\":[{\"@type\":\"ReadAction\",\"target\":[\"https:\/\/stenverktyg.se\/produkt\/skriftfarg-konig-125-ml\/\"]}]},{\"@type\":\"ImageObject\",\"inLanguage\":\"en-US\",\"@id\":\"https:\/\/stenverktyg.se\/produkt\/skriftfarg-konig-125-ml\/#primaryimage\",\"url\":\"https:\/\/stenverktyg.se\/wp-content\/uploads\/2025\/03\/Ska\u0308rmavbild-2025-03-14-kl.-13.38.29.png\",\"contentUrl\":\"https:\/\/stenverktyg.se\/wp-content\/uploads\/2025\/03\/Ska\u0308rmavbild-2025-03-14-kl.-13.38.29.png\",\"width\":1270,\"height\":980},{\"@type\":\"BreadcrumbList\",\"@id\":\"https:\/\/stenverktyg.se\/produkt\/skriftfarg-konig-125-ml\/#breadcrumb\",\"itemListElement\":[{\"@type\":\"ListItem\",\"position\":1,\"name\":\"Hem\",\"item\":\"https:\/\/stenverktyg.se\/\"},{\"@type\":\"ListItem\",\"position\":2,\"name\":\"Webbutik\",\"item\":\"https:\/\/stenverktyg.se\/butik\/\"},{\"@type\":\"ListItem\",\"position\":3,\"name\":\"Skriftf\u00e4rg K\u00f6nig 125 ml\"}]},{\"@type\":\"WebSite\",\"@id\":\"https:\/\/stenverktyg.se\/#website\",\"url\":\"https:\/\/stenverktyg.se\/\",\"name\":\"Stenverktyg i Bohusl\u00e4n\",\"description\":\"Verktyg att lita p\u00e5. Service du minns. Stenverktyg i hj\u00e4rtat av Bohusl\u00e4n.\",\"publisher\":{\"@id\":\"https:\/\/stenverktyg.se\/#organization\"},\"potentialAction\":[{\"@type\":\"SearchAction\",\"target\":{\"@type\":\"EntryPoint\",\"urlTemplate\":\"https:\/\/stenverktyg.se\/?s={search_term_string}\"},\"query-input\":{\"@type\":\"PropertyValueSpecification\",\"valueRequired\":true,\"valueName\":\"search_term_string\"}}],\"inLanguage\":\"en-US\"},{\"@type\":\"Organization\",\"@id\":\"https:\/\/stenverktyg.se\/#organization\",\"name\":\"Stenverktyg i Bohusl\u00e4n AB\",\"alternateName\":\"Stenverktyg i Bohusl\u00e4n AB\",\"url\":\"https:\/\/stenverktyg.se\/\",\"logo\":{\"@type\":\"ImageObject\",\"inLanguage\":\"en-US\",\"@id\":\"https:\/\/stenverktyg.se\/#\/schema\/logo\/image\/\",\"url\":\"https:\/\/stenverktyg.se\/wp-content\/uploads\/2019\/07\/blue_new_logo.png\",\"contentUrl\":\"https:\/\/stenverktyg.se\/wp-content\/uploads\/2019\/07\/blue_new_logo.png\",\"width\":1824,\"height\":337,\"caption\":\"Stenverktyg i Bohusl\u00e4n AB\"},\"image\":{\"@id\":\"https:\/\/stenverktyg.se\/#\/schema\/logo\/image\/\"}}]}<\/script>\n<!-- \/ Yoast SEO plugin. -->","yoast_head_json":{"title":"Skriftf\u00e4rg K\u00f6nig 125 ml - Kvalitetsverktyg ifr\u00e5n Stenverktyg i Bohusl\u00e4n","description":"Uppt\u00e4ck Skriftf\u00e4rg K\u00f6nig 125 ml \u2013 professionellt verktyg. Snabb leverans, personlig service och garanterad kvalitet. Best\u00e4ll hos Stenverktyg i Bohusl\u00e4n!","robots":{"index":"index","follow":"follow","max-snippet":"max-snippet:-1","max-image-preview":"max-image-preview:large","max-video-preview":"max-video-preview:-1"},"canonical":"https:\/\/stenverktyg.se\/produkt\/skriftfarg-konig-125-ml\/","og_locale":"en_US","og_type":"article","og_title":"Skriftf\u00e4rg K\u00f6nig 125 ml \u2013 Proffsigt verktyg & p\u00e5litlig service","og_description":"Skriftf\u00e4rg K\u00f6nig 125 ml fr\u00e5n Stenverktyg i Bohusl\u00e4n \u2013 kvalitetsverktyg, snabba leveranser och expertr\u00e5dgivning. Handla tryggt hos oss!","og_url":"https:\/\/stenverktyg.se\/produkt\/skriftfarg-konig-125-ml\/","og_site_name":"Stenverktyg i Bohusl\u00e4n","article_modified_time":"2026-05-04T10:21:54+00:00","og_image":[{"url":"https:\/\/stenverktyg.se\/wp-content\/uploads\/2025\/09\/og-img1.jpg","type":"","width":"","height":""}],"twitter_card":"summary_large_image","twitter_title":"Skriftf\u00e4rg K\u00f6nig 125 ml \u2013 Proffsigt verktyg & p\u00e5litlig service","twitter_description":"Skriftf\u00e4rg K\u00f6nig 125 ml fr\u00e5n Stenverktyg i Bohusl\u00e4n \u2013 kvalitetsverktyg, snabba leveranser och expertr\u00e5dgivning. Handla tryggt hos oss!","twitter_image":"https:\/\/stenverktyg.se\/wp-content\/uploads\/2025\/09\/og-img1.jpg","twitter_misc":{"Est. reading time":"1 minute"},"schema":{"@context":"https:\/\/schema.org","@graph":[{"@type":"WebPage","@id":"https:\/\/stenverktyg.se\/produkt\/skriftfarg-konig-125-ml\/","url":"https:\/\/stenverktyg.se\/produkt\/skriftfarg-konig-125-ml\/","name":"Skriftf\u00e4rg K\u00f6nig 125 ml - Kvalitetsverktyg ifr\u00e5n Stenverktyg i Bohusl\u00e4n","isPartOf":{"@id":"https:\/\/stenverktyg.se\/#website"},"primaryImageOfPage":{"@id":"https:\/\/stenverktyg.se\/produkt\/skriftfarg-konig-125-ml\/#primaryimage"},"image":{"@id":"https:\/\/stenverktyg.se\/produkt\/skriftfarg-konig-125-ml\/#primaryimage"},"thumbnailUrl":"https:\/\/stenverktyg.se\/wp-content\/uploads\/2025\/03\/Ska\u0308rmavbild-2025-03-14-kl.-13.38.29.png","datePublished":"2025-03-14T12:23:42+00:00","dateModified":"2026-05-04T10:21:54+00:00","description":"Uppt\u00e4ck Skriftf\u00e4rg K\u00f6nig 125 ml \u2013 professionellt verktyg. Snabb leverans, personlig service och garanterad kvalitet. Best\u00e4ll hos Stenverktyg i Bohusl\u00e4n!","breadcrumb":{"@id":"https:\/\/stenverktyg.se\/produkt\/skriftfarg-konig-125-ml\/#breadcrumb"},"inLanguage":"en-US","potentialAction":[{"@type":"ReadAction","target":["https:\/\/stenverktyg.se\/produkt\/skriftfarg-konig-125-ml\/"]}]},{"@type":"ImageObject","inLanguage":"en-US","@id":"https:\/\/stenverktyg.se\/produkt\/skriftfarg-konig-125-ml\/#primaryimage","url":"https:\/\/stenverktyg.se\/wp-content\/uploads\/2025\/03\/Ska\u0308rmavbild-2025-03-14-kl.-13.38.29.png","contentUrl":"https:\/\/stenverktyg.se\/wp-content\/uploads\/2025\/03\/Ska\u0308rmavbild-2025-03-14-kl.-13.38.29.png","width":1270,"height":980},{"@type":"BreadcrumbList","@id":"https:\/\/stenverktyg.se\/produkt\/skriftfarg-konig-125-ml\/#breadcrumb","itemListElement":[{"@type":"ListItem","position":1,"name":"Hem","item":"https:\/\/stenverktyg.se\/"},{"@type":"ListItem","position":2,"name":"Webbutik","item":"https:\/\/stenverktyg.se\/butik\/"},{"@type":"ListItem","position":3,"name":"Skriftf\u00e4rg K\u00f6nig 125 ml"}]},{"@type":"WebSite","@id":"https:\/\/stenverktyg.se\/#website","url":"https:\/\/stenverktyg.se\/","name":"Stenverktyg i Bohusl\u00e4n","description":"Verktyg att lita p\u00e5. Service du minns. Stenverktyg i hj\u00e4rtat av Bohusl\u00e4n.","publisher":{"@id":"https:\/\/stenverktyg.se\/#organization"},"potentialAction":[{"@type":"SearchAction","target":{"@type":"EntryPoint","urlTemplate":"https:\/\/stenverktyg.se\/?s={search_term_string}"},"query-input":{"@type":"PropertyValueSpecification","valueRequired":true,"valueName":"search_term_string"}}],"inLanguage":"en-US"},{"@type":"Organization","@id":"https:\/\/stenverktyg.se\/#organization","name":"Stenverktyg i Bohusl\u00e4n AB","alternateName":"Stenverktyg i Bohusl\u00e4n AB","url":"https:\/\/stenverktyg.se\/","logo":{"@type":"ImageObject","inLanguage":"en-US","@id":"https:\/\/stenverktyg.se\/#\/schema\/logo\/image\/","url":"https:\/\/stenverktyg.se\/wp-content\/uploads\/2019\/07\/blue_new_logo.png","contentUrl":"https:\/\/stenverktyg.se\/wp-content\/uploads\/2019\/07\/blue_new_logo.png","width":1824,"height":337,"caption":"Stenverktyg i Bohusl\u00e4n AB"},"image":{"@id":"https:\/\/stenverktyg.se\/#\/schema\/logo\/image\/"}}]}},"_links":{"self":[{"href":"https:\/\/stenverktyg.se\/en\/wp-json\/wp\/v2\/product\/9761","targetHints":{"allow":["GET"]}}],"collection":[{"href":"https:\/\/stenverktyg.se\/en\/wp-json\/wp\/v2\/product"}],"about":[{"href":"https:\/\/stenverktyg.se\/en\/wp-json\/wp\/v2\/types\/product"}],"wp:featuredmedia":[{"embeddable":true,"href":"https:\/\/stenverktyg.se\/en\/wp-json\/wp\/v2\/media\/9770"}],"wp:attachment":[{"href":"https:\/\/stenverktyg.se\/en\/wp-json\/wp\/v2\/media?parent=9761"}],"wp:term":[{"taxonomy":"product_brand","embeddable":true,"href":"https:\/\/stenverktyg.se\/en\/wp-json\/wp\/v2\/product_brand?post=9761"},{"taxonomy":"product_cat","embeddable":true,"href":"https:\/\/stenverktyg.se\/en\/wp-json\/wp\/v2\/product_cat?post=9761"},{"taxonomy":"product_tag","embeddable":true,"href":"https:\/\/stenverktyg.se\/en\/wp-json\/wp\/v2\/product_tag?post=9761"}],"curies":[{"name":"wp","href":"https:\/\/api.w.org\/{rel}","templated":true}]}}