{"id":3767,"date":"2020-03-06T10:46:17","date_gmt":"2020-03-06T09:46:17","guid":{"rendered":"https:\/\/develop.visionmedia.nu\/stenverktyg\/?post_type=product&#038;p=3767"},"modified":"2026-05-04T12:18:12","modified_gmt":"2026-05-04T10:18:12","slug":"diamantslipskiva-60-grader","status":"publish","type":"product","link":"https:\/\/stenverktyg.se\/en\/produkt\/diamantslipskiva-60-grader\/","title":{"rendered":"Diamantslipskiva 150 mm x 60 grader"},"content":{"rendered":"","protected":false},"excerpt":{"rendered":"","protected":false},"featured_media":4303,"template":"","meta":[],"product_brand":[],"product_cat":[175,313],"product_tag":[],"class_list":{"0":"post-3767","1":"product","2":"type-product","3":"status-publish","4":"has-post-thumbnail","6":"product_cat-diamantverktyg","7":"product_cat-diamant-slipskiva","9":"first","10":"instock","11":"taxable","12":"shipping-taxable","13":"purchasable","14":"product-type-simple"},"shsp-ext":{"main":{},"variations":[]},"yoast_head":"<!-- This site is optimized with the Yoast SEO plugin v26.3 - https:\/\/yoast.com\/wordpress\/plugins\/seo\/ -->\n<title>Diamantslipskiva 150 mm x 60 grader - Kvalitetsverktyg ifr\u00e5n Stenverktyg i Bohusl\u00e4n<\/title>\n<meta name=\"description\" content=\"Uppt\u00e4ck Diamantslipskiva 150 mm x 60 grader \u2013 professionellt verktyg. Snabb leverans, personlig service och garanterad kvalitet. Best\u00e4ll hos Stenverktyg i Bohusl\u00e4n!\" \/>\n<meta name=\"robots\" content=\"index, follow, max-snippet:-1, max-image-preview:large, max-video-preview:-1\" \/>\n<link rel=\"canonical\" href=\"https:\/\/stenverktyg.se\/produkt\/diamantslipskiva-60-grader\/\" \/>\n<meta property=\"og:locale\" content=\"en_US\" \/>\n<meta property=\"og:type\" content=\"article\" \/>\n<meta property=\"og:title\" content=\"Diamantslipskiva 150 mm x 60 grader \u2013 Proffsigt verktyg &amp; p\u00e5litlig service\" \/>\n<meta property=\"og:description\" content=\"Diamantslipskiva 150 mm x 60 grader fr\u00e5n Stenverktyg i Bohusl\u00e4n \u2013 kvalitetsverktyg, snabba leveranser och expertr\u00e5dgivning. Handla tryggt hos oss!\" \/>\n<meta property=\"og:url\" content=\"https:\/\/stenverktyg.se\/produkt\/diamantslipskiva-60-grader\/\" \/>\n<meta property=\"og:site_name\" content=\"Stenverktyg i Bohusl\u00e4n\" \/>\n<meta property=\"article:modified_time\" content=\"2026-05-04T10:18:12+00:00\" \/>\n<meta property=\"og:image\" content=\"https:\/\/stenverktyg.se\/wp-content\/uploads\/2025\/09\/og-img1.jpg\" \/>\n<meta name=\"twitter:card\" content=\"summary_large_image\" \/>\n<meta name=\"twitter:title\" content=\"Diamantslipskiva 150 mm x 60 grader \u2013 Verktyg du kan lita p\u00e5\" \/>\n<meta name=\"twitter:description\" content=\"K\u00f6p Diamantslipskiva 150 mm x 60 grader hos Stenverktyg i Bohusl\u00e4n. Prisv\u00e4rda kvalitetsverktyg med snabb kundservice och support n\u00e4r du beh\u00f6ver det.\" \/>\n<meta name=\"twitter:image\" content=\"https:\/\/stenverktyg.se\/wp-content\/uploads\/2025\/09\/og-img1.jpg\" \/>\n<script type=\"application\/ld+json\" class=\"yoast-schema-graph\">{\"@context\":\"https:\/\/schema.org\",\"@graph\":[{\"@type\":\"WebPage\",\"@id\":\"https:\/\/stenverktyg.se\/produkt\/diamantslipskiva-60-grader\/\",\"url\":\"https:\/\/stenverktyg.se\/produkt\/diamantslipskiva-60-grader\/\",\"name\":\"Diamantslipskiva 150 mm x 60 grader - Kvalitetsverktyg ifr\u00e5n Stenverktyg i Bohusl\u00e4n\",\"isPartOf\":{\"@id\":\"https:\/\/stenverktyg.se\/#website\"},\"primaryImageOfPage\":{\"@id\":\"https:\/\/stenverktyg.se\/produkt\/diamantslipskiva-60-grader\/#primaryimage\"},\"image\":{\"@id\":\"https:\/\/stenverktyg.se\/produkt\/diamantslipskiva-60-grader\/#primaryimage\"},\"thumbnailUrl\":\"https:\/\/stenverktyg.se\/wp-content\/uploads\/2020\/03\/Stenverktyg.21740-scaled.jpg\",\"datePublished\":\"2020-03-06T09:46:17+00:00\",\"dateModified\":\"2026-05-04T10:18:12+00:00\",\"description\":\"Uppt\u00e4ck Diamantslipskiva 150 mm x 60 grader \u2013 professionellt verktyg. Snabb leverans, personlig service och garanterad kvalitet. Best\u00e4ll hos Stenverktyg i Bohusl\u00e4n!\",\"breadcrumb\":{\"@id\":\"https:\/\/stenverktyg.se\/produkt\/diamantslipskiva-60-grader\/#breadcrumb\"},\"inLanguage\":\"en-US\",\"potentialAction\":[{\"@type\":\"ReadAction\",\"target\":[\"https:\/\/stenverktyg.se\/produkt\/diamantslipskiva-60-grader\/\"]}]},{\"@type\":\"ImageObject\",\"inLanguage\":\"en-US\",\"@id\":\"https:\/\/stenverktyg.se\/produkt\/diamantslipskiva-60-grader\/#primaryimage\",\"url\":\"https:\/\/stenverktyg.se\/wp-content\/uploads\/2020\/03\/Stenverktyg.21740-scaled.jpg\",\"contentUrl\":\"https:\/\/stenverktyg.se\/wp-content\/uploads\/2020\/03\/Stenverktyg.21740-scaled.jpg\",\"width\":2560,\"height\":1707},{\"@type\":\"BreadcrumbList\",\"@id\":\"https:\/\/stenverktyg.se\/produkt\/diamantslipskiva-60-grader\/#breadcrumb\",\"itemListElement\":[{\"@type\":\"ListItem\",\"position\":1,\"name\":\"Hem\",\"item\":\"https:\/\/stenverktyg.se\/\"},{\"@type\":\"ListItem\",\"position\":2,\"name\":\"Webbutik\",\"item\":\"https:\/\/stenverktyg.se\/butik\/\"},{\"@type\":\"ListItem\",\"position\":3,\"name\":\"Diamantslipskiva 150 mm x 60 grader\"}]},{\"@type\":\"WebSite\",\"@id\":\"https:\/\/stenverktyg.se\/#website\",\"url\":\"https:\/\/stenverktyg.se\/\",\"name\":\"Stenverktyg i Bohusl\u00e4n\",\"description\":\"Verktyg att lita p\u00e5. Service du minns. Stenverktyg i hj\u00e4rtat av Bohusl\u00e4n.\",\"publisher\":{\"@id\":\"https:\/\/stenverktyg.se\/#organization\"},\"potentialAction\":[{\"@type\":\"SearchAction\",\"target\":{\"@type\":\"EntryPoint\",\"urlTemplate\":\"https:\/\/stenverktyg.se\/?s={search_term_string}\"},\"query-input\":{\"@type\":\"PropertyValueSpecification\",\"valueRequired\":true,\"valueName\":\"search_term_string\"}}],\"inLanguage\":\"en-US\"},{\"@type\":\"Organization\",\"@id\":\"https:\/\/stenverktyg.se\/#organization\",\"name\":\"Stenverktyg i Bohusl\u00e4n AB\",\"alternateName\":\"Stenverktyg i Bohusl\u00e4n AB\",\"url\":\"https:\/\/stenverktyg.se\/\",\"logo\":{\"@type\":\"ImageObject\",\"inLanguage\":\"en-US\",\"@id\":\"https:\/\/stenverktyg.se\/#\/schema\/logo\/image\/\",\"url\":\"https:\/\/stenverktyg.se\/wp-content\/uploads\/2019\/07\/blue_new_logo.png\",\"contentUrl\":\"https:\/\/stenverktyg.se\/wp-content\/uploads\/2019\/07\/blue_new_logo.png\",\"width\":1824,\"height\":337,\"caption\":\"Stenverktyg i Bohusl\u00e4n AB\"},\"image\":{\"@id\":\"https:\/\/stenverktyg.se\/#\/schema\/logo\/image\/\"}}]}<\/script>\n<!-- \/ Yoast SEO plugin. -->","yoast_head_json":{"title":"Diamantslipskiva 150 mm x 60 grader - Kvalitetsverktyg ifr\u00e5n Stenverktyg i Bohusl\u00e4n","description":"Uppt\u00e4ck Diamantslipskiva 150 mm x 60 grader \u2013 professionellt verktyg. Snabb leverans, personlig service och garanterad kvalitet. Best\u00e4ll hos Stenverktyg i Bohusl\u00e4n!","robots":{"index":"index","follow":"follow","max-snippet":"max-snippet:-1","max-image-preview":"max-image-preview:large","max-video-preview":"max-video-preview:-1"},"canonical":"https:\/\/stenverktyg.se\/produkt\/diamantslipskiva-60-grader\/","og_locale":"en_US","og_type":"article","og_title":"Diamantslipskiva 150 mm x 60 grader \u2013 Proffsigt verktyg & p\u00e5litlig service","og_description":"Diamantslipskiva 150 mm x 60 grader fr\u00e5n Stenverktyg i Bohusl\u00e4n \u2013 kvalitetsverktyg, snabba leveranser och expertr\u00e5dgivning. Handla tryggt hos oss!","og_url":"https:\/\/stenverktyg.se\/produkt\/diamantslipskiva-60-grader\/","og_site_name":"Stenverktyg i Bohusl\u00e4n","article_modified_time":"2026-05-04T10:18:12+00:00","og_image":[{"url":"https:\/\/stenverktyg.se\/wp-content\/uploads\/2025\/09\/og-img1.jpg","type":"","width":"","height":""}],"twitter_card":"summary_large_image","twitter_title":"Diamantslipskiva 150 mm x 60 grader \u2013 Verktyg du kan lita p\u00e5","twitter_description":"K\u00f6p Diamantslipskiva 150 mm x 60 grader hos Stenverktyg i Bohusl\u00e4n. Prisv\u00e4rda kvalitetsverktyg med snabb kundservice och support n\u00e4r du beh\u00f6ver det.","twitter_image":"https:\/\/stenverktyg.se\/wp-content\/uploads\/2025\/09\/og-img1.jpg","schema":{"@context":"https:\/\/schema.org","@graph":[{"@type":"WebPage","@id":"https:\/\/stenverktyg.se\/produkt\/diamantslipskiva-60-grader\/","url":"https:\/\/stenverktyg.se\/produkt\/diamantslipskiva-60-grader\/","name":"Diamantslipskiva 150 mm x 60 grader - Kvalitetsverktyg ifr\u00e5n Stenverktyg i Bohusl\u00e4n","isPartOf":{"@id":"https:\/\/stenverktyg.se\/#website"},"primaryImageOfPage":{"@id":"https:\/\/stenverktyg.se\/produkt\/diamantslipskiva-60-grader\/#primaryimage"},"image":{"@id":"https:\/\/stenverktyg.se\/produkt\/diamantslipskiva-60-grader\/#primaryimage"},"thumbnailUrl":"https:\/\/stenverktyg.se\/wp-content\/uploads\/2020\/03\/Stenverktyg.21740-scaled.jpg","datePublished":"2020-03-06T09:46:17+00:00","dateModified":"2026-05-04T10:18:12+00:00","description":"Uppt\u00e4ck Diamantslipskiva 150 mm x 60 grader \u2013 professionellt verktyg. Snabb leverans, personlig service och garanterad kvalitet. Best\u00e4ll hos Stenverktyg i Bohusl\u00e4n!","breadcrumb":{"@id":"https:\/\/stenverktyg.se\/produkt\/diamantslipskiva-60-grader\/#breadcrumb"},"inLanguage":"en-US","potentialAction":[{"@type":"ReadAction","target":["https:\/\/stenverktyg.se\/produkt\/diamantslipskiva-60-grader\/"]}]},{"@type":"ImageObject","inLanguage":"en-US","@id":"https:\/\/stenverktyg.se\/produkt\/diamantslipskiva-60-grader\/#primaryimage","url":"https:\/\/stenverktyg.se\/wp-content\/uploads\/2020\/03\/Stenverktyg.21740-scaled.jpg","contentUrl":"https:\/\/stenverktyg.se\/wp-content\/uploads\/2020\/03\/Stenverktyg.21740-scaled.jpg","width":2560,"height":1707},{"@type":"BreadcrumbList","@id":"https:\/\/stenverktyg.se\/produkt\/diamantslipskiva-60-grader\/#breadcrumb","itemListElement":[{"@type":"ListItem","position":1,"name":"Hem","item":"https:\/\/stenverktyg.se\/"},{"@type":"ListItem","position":2,"name":"Webbutik","item":"https:\/\/stenverktyg.se\/butik\/"},{"@type":"ListItem","position":3,"name":"Diamantslipskiva 150 mm x 60 grader"}]},{"@type":"WebSite","@id":"https:\/\/stenverktyg.se\/#website","url":"https:\/\/stenverktyg.se\/","name":"Stenverktyg i Bohusl\u00e4n","description":"Verktyg att lita p\u00e5. Service du minns. Stenverktyg i hj\u00e4rtat av Bohusl\u00e4n.","publisher":{"@id":"https:\/\/stenverktyg.se\/#organization"},"potentialAction":[{"@type":"SearchAction","target":{"@type":"EntryPoint","urlTemplate":"https:\/\/stenverktyg.se\/?s={search_term_string}"},"query-input":{"@type":"PropertyValueSpecification","valueRequired":true,"valueName":"search_term_string"}}],"inLanguage":"en-US"},{"@type":"Organization","@id":"https:\/\/stenverktyg.se\/#organization","name":"Stenverktyg i Bohusl\u00e4n AB","alternateName":"Stenverktyg i Bohusl\u00e4n AB","url":"https:\/\/stenverktyg.se\/","logo":{"@type":"ImageObject","inLanguage":"en-US","@id":"https:\/\/stenverktyg.se\/#\/schema\/logo\/image\/","url":"https:\/\/stenverktyg.se\/wp-content\/uploads\/2019\/07\/blue_new_logo.png","contentUrl":"https:\/\/stenverktyg.se\/wp-content\/uploads\/2019\/07\/blue_new_logo.png","width":1824,"height":337,"caption":"Stenverktyg i Bohusl\u00e4n AB"},"image":{"@id":"https:\/\/stenverktyg.se\/#\/schema\/logo\/image\/"}}]}},"_links":{"self":[{"href":"https:\/\/stenverktyg.se\/en\/wp-json\/wp\/v2\/product\/3767","targetHints":{"allow":["GET"]}}],"collection":[{"href":"https:\/\/stenverktyg.se\/en\/wp-json\/wp\/v2\/product"}],"about":[{"href":"https:\/\/stenverktyg.se\/en\/wp-json\/wp\/v2\/types\/product"}],"wp:featuredmedia":[{"embeddable":true,"href":"https:\/\/stenverktyg.se\/en\/wp-json\/wp\/v2\/media\/4303"}],"wp:attachment":[{"href":"https:\/\/stenverktyg.se\/en\/wp-json\/wp\/v2\/media?parent=3767"}],"wp:term":[{"taxonomy":"product_brand","embeddable":true,"href":"https:\/\/stenverktyg.se\/en\/wp-json\/wp\/v2\/product_brand?post=3767"},{"taxonomy":"product_cat","embeddable":true,"href":"https:\/\/stenverktyg.se\/en\/wp-json\/wp\/v2\/product_cat?post=3767"},{"taxonomy":"product_tag","embeddable":true,"href":"https:\/\/stenverktyg.se\/en\/wp-json\/wp\/v2\/product_tag?post=3767"}],"curies":[{"name":"wp","href":"https:\/\/api.w.org\/{rel}","templated":true}]}}